{"id":3176,"date":"2026-04-05T08:48:31","date_gmt":"2026-04-05T05:48:31","guid":{"rendered":"https:\/\/life-hacker.info\/?page_id=3176"},"modified":"2026-04-08T21:55:23","modified_gmt":"2026-04-08T18:55:23","slug":"golovna","status":"publish","type":"page","link":"https:\/\/life-hacker.info\/pl\/","title":{"rendered":"Strona g\u0142\u00f3wna"},"content":{"rendered":"\t\t<div data-elementor-type=\"wp-page\" data-elementor-id=\"3176\" class=\"elementor elementor-3176 elementor-2158\">\n\t\t\t\t<div class=\"elementor-element elementor-element-4ddd54e e-flex e-con-boxed e-con e-parent\" data-id=\"4ddd54e\" data-element_type=\"container\" data-e-type=\"container\">\n\t\t\t\t\t<div class=\"e-con-inner\">\n\t\t<div class=\"elementor-element elementor-element-8dba05e e-con-full e-flex e-con e-child\" data-id=\"8dba05e\" data-element_type=\"container\" data-e-type=\"container\">\n\t\t\t\t<div class=\"elementor-element elementor-element-4501883 flipped-no elementor-widget elementor-widget-foxiz-list-flex\" data-id=\"4501883\" data-element_type=\"widget\" data-e-type=\"widget\" data-widget_type=\"foxiz-list-flex.default\">\n\t\t\t\t<div class=\"elementor-widget-container\">\n\t\t\t\t\t<div id=\"uid_4501883\" class=\"block-wrap block-list block-list-flex rb-columns rb-col-1 rb-tcol-1 rb-mcol-1 is-gap-20 hovering-fade p-middle ecat-l-dot meta-s-dot\"><div class=\"block-inner\">\t\t<div class=\"p-wrap p-list p-list-2\" data-pid=\"3185\">\r\n\t\t\t\t<div class=\"list-holder\">\r\n\t\t\t\t\t\t\t<div class=\"list-feat-holder\">\r\n\t\t\t\t\t\t\t<div class=\"feat-holder\">\t\t<div class=\"p-featured\">\r\n\t\t\t\t\t<a class=\"p-flink\" href=\"https:\/\/life-hacker.info\/pl\/technika-pomodoro-jak-podwoilem-produktywnosc-osobiste-doswiadczenie\/\" title=\"Technika Pomodoro: jak podwoi\u0142em produktywno\u015b\u0107 \u2014 osobiste do\u015bwiadczenie\">\r\n\t\t\t<img fetchpriority=\"high\" decoding=\"async\" width=\"860\" height=\"573\" src=\"https:\/\/life-hacker.info\/wp-content\/uploads\/2026\/03\/the-pomodoro-technique-how-i-doubled-my-productivity.jpg\" class=\"featured-img wp-post-image\" alt=\"\" fetchpriority=\"high\" loading=\"eager\" \/>\t\t<\/a>\r\n\t\t\t\t<\/div>\r\n\t\t<\/div>\r\n\t\t\t\t\t\t<\/div>\r\n\t\t\t\t\t\t<div class=\"p-content\">\r\n\t\t\t\t<div class=\"p-categories p-top\"><a class=\"p-category category-id-1\" href=\"https:\/\/life-hacker.info\/ru\/raznoe\/\" rel=\"category\">\u0420\u0430\u0437\u043d\u043e\u0435<\/a><\/div><h2 class=\"entry-title\">\t\t<a class=\"p-url\" href=\"https:\/\/life-hacker.info\/pl\/technika-pomodoro-jak-podwoilem-produktywnosc-osobiste-doswiadczenie\/\" rel=\"bookmark\">\r\n\t\tTechnika Pomodoro: jak podwoi\u0142em produktywno\u015b\u0107 \u2014 osobiste do\u015bwiadczenie\t\t<\/a>\r\n\t\t<\/h2>\t\t\t\t<p class=\"entry-summary\">Lista zada\u0144 na dzie\u0144 \u2014 20 punkt\u00f3w. Otwierasz laptopa i\u2026 po godzinie wci\u0105\u017c jeste\u015b przy pierwszym. Social media, wiadomo\u015bci, \u00abjedna chwilka\u00bb na YouTube. Znajome? By\u0142em tam \u2014 dop\u00f3ki nie wypr\u00f3bowa\u0142em&hellip;<\/p>\r\n\t\t\t\t\t\t\t<div class=\"p-meta has-bookmark\">\r\n\t\t\t\t<div class=\"meta-inner is-meta\">\r\n\t\t\t\t\t\t\t<div class=\"meta-el meta-update\">\r\n\t\t\t\t\t\t<time\r\n\t\t\tclass=\"updated\"\t\t\tdatetime=\"2026-04-05T11:29:21+03:00\">05.04.2026<\/time>\r\n\t\t<\/div>\r\n\t\t\t\t\t\t<\/div>\r\n\t\t\t\t<span class=\"rb-bookmark bookmark-trigger\" data-pid=\"3185\"><\/span>\t\t\t<\/div>\r\n\t\t\t\t\t\t<\/div>\r\n\t\t<\/div>\r\n\t\t\t\t<\/div>\r\n\t\t<\/div><\/div>\t\t\t\t<\/div>\n\t\t\t\t<\/div>\n\t\t\t\t<div class=\"elementor-element elementor-element-62d82de elementor-widget-tablet__width-inherit elementor-widget elementor-widget-foxiz-list-small-1\" data-id=\"62d82de\" data-element_type=\"widget\" data-e-type=\"widget\" data-widget_type=\"foxiz-list-small-1.default\">\n\t\t\t\t<div class=\"elementor-widget-container\">\n\t\t\t\t\t<div id=\"uid_62d82de\" class=\"block-wrap block-small block-list block-list-small-1 rb-columns rb-col-4 rb-tcol-2 rb-mcol-1 is-gap-custom bottom-border is-b-border-gray no-last-bb meta-s-dot\"><div class=\"block-inner\">\t\t<div class=\"p-wrap p-small p-list-small-1\" data-pid=\"3127\">\r\n\t\t\t\t<div class=\"p-content\">\r\n\t\t\t<h2 class=\"entry-title\"><i class=\"rbi rbi-trending\" aria-hidden=\"true\"><\/i>\t\t<a class=\"p-url\" href=\"https:\/\/life-hacker.info\/pl\/10-nawykow-na-lepszy-sen-ktore-dzialaja-od-pierwszego-tygodnia\/\" rel=\"bookmark\">\r\n\t\t10 nawyk\u00f3w na lepszy sen, kt\u00f3re dzia\u0142aj\u0105 od pierwszego tygodnia\t\t<\/a>\r\n\t\t<\/h2>\t\t\t<div class=\"p-meta has-bookmark\">\r\n\t\t\t\t<div class=\"meta-inner is-meta\">\r\n\t\t\t\t\t\t\t<div class=\"meta-el meta-tax meta-bold\">\r\n\t\t\t\t\t\t\t\t<a class=\"meta-separate term-i-69\" href=\"https:\/\/life-hacker.info\/pl\/zdrowie\/\">Zdrowie<\/a>\r\n\t\t\t\t\t\t\t<\/div>\r\n\t\t\t\t<div class=\"meta-el meta-update\">\r\n\t\t\t\t\t\t<time\r\n\t\t\tclass=\"updated\"\t\t\tdatetime=\"2026-03-28T00:03:02+02:00\">28.03.2026<\/time>\r\n\t\t<\/div>\r\n\t\t\t\t\t\t<\/div>\r\n\t\t\t\t<span class=\"rb-bookmark bookmark-trigger\" data-pid=\"3127\"><\/span>\t\t\t<\/div>\r\n\t\t\t\t\t<\/div>\r\n\t\t\t\t<\/div>\r\n\t\t\t\t<div class=\"p-wrap p-small p-list-small-1\" data-pid=\"2846\">\r\n\t\t\t\t<div class=\"p-content\">\r\n\t\t\t<h2 class=\"entry-title\"><i class=\"rbi rbi-trending\" aria-hidden=\"true\"><\/i>\t\t<a class=\"p-url\" href=\"https:\/\/life-hacker.info\/pl\/grzane-wino-prosty-przepis-na-aromatyczny-napoj-pelen-ciepla-i-przytulnosci\/\" rel=\"bookmark\">\r\n\t\tGrzane wino: prosty przepis na aromatyczny nap\u00f3j pe\u0142en ciep\u0142a i przytulno\u015bci\t\t<\/a>\r\n\t\t<\/h2>\t\t\t<div class=\"p-meta has-bookmark\">\r\n\t\t\t\t<div class=\"meta-inner is-meta\">\r\n\t\t\t\t\t\t\t<div class=\"meta-el meta-tax meta-bold\">\r\n\t\t\t\t\t\t\t\t<a class=\"meta-separate term-i-47\" href=\"https:\/\/life-hacker.info\/pl\/jedzenie\/napoje\/\">Napoje<\/a>\r\n\t\t\t\t\t\t\t<\/div>\r\n\t\t\t\t<div class=\"meta-el meta-update\">\r\n\t\t\t\t\t\t<time\r\n\t\t\tclass=\"updated\"\t\t\tdatetime=\"2026-02-01T14:03:36+02:00\">01.02.2026<\/time>\r\n\t\t<\/div>\r\n\t\t\t\t\t\t<\/div>\r\n\t\t\t\t<span class=\"rb-bookmark bookmark-trigger\" data-pid=\"2846\"><\/span>\t\t\t<\/div>\r\n\t\t\t\t\t<\/div>\r\n\t\t\t\t<\/div>\r\n\t\t<\/div><\/div>\t\t\t\t<\/div>\n\t\t\t\t<\/div>\n\t\t\t\t<\/div>\n\t\t<div class=\"elementor-element elementor-element-c1d2e40 e-con-full e-flex e-con e-child\" data-id=\"c1d2e40\" data-element_type=\"container\" data-e-type=\"container\">\n\t\t\t\t<div class=\"elementor-element elementor-element-e933ef7 elementor-widget elementor-widget-foxiz-list-small-2\" data-id=\"e933ef7\" data-element_type=\"widget\" data-e-type=\"widget\" data-widget_type=\"foxiz-list-small-2.default\">\n\t\t\t\t<div class=\"elementor-widget-container\">\n\t\t\t\t\t<div id=\"uid_e933ef7\" class=\"block-wrap block-small block-list block-list-small-2 rb-columns rb-col-1 rb-tcol-2 rb-mcol-1 is-gap-custom hovering-fade bottom-border is-b-border-gray no-last-bb ecat-text is-feat-right meta-s-dot\"><\/div>\t\t\t\t<\/div>\n\t\t\t\t<\/div>\n\t\t\t\t<\/div>\n\t\t\t\t\t<\/div>\n\t\t\t\t<\/div>\n\t\t<div class=\"elementor-element elementor-element-84706cc e-flex e-con-boxed e-con e-parent\" data-id=\"84706cc\" data-element_type=\"container\" data-e-type=\"container\">\n\t\t\t\t\t<div class=\"e-con-inner\">\n\t\t\t\t<div class=\"elementor-element elementor-element-c6e92bf elementor-widget elementor-widget-foxiz-heading\" data-id=\"c6e92bf\" data-element_type=\"widget\" data-e-type=\"widget\" data-widget_type=\"foxiz-heading.default\">\n\t\t\t\t<div class=\"elementor-widget-container\">\n\t\t\t\t\t<div id=\"uid_c6e92bf\" class=\"block-h heading-layout-10\"><div class=\"heading-inner\"><h2 class=\"heading-title\"><a class=\"h-link\" href=\"https:\/\/life-hacker.info\/rozvagy\/\">Rozrywka <i class=\"rbi rbi-angle-right\"><\/i><\/a><\/h2><\/div><\/div>\t\t\t\t<\/div>\n\t\t\t\t<\/div>\n\t\t\t\t<div class=\"elementor-element elementor-element-88cefa4 elementor-widget elementor-widget-foxiz-grid-flex-2\" data-id=\"88cefa4\" data-element_type=\"widget\" data-e-type=\"widget\" data-widget_type=\"foxiz-grid-flex-2.default\">\n\t\t\t\t<div class=\"elementor-widget-container\">\n\t\t\t\t\t<div id=\"uid_88cefa4\" class=\"block-wrap block-grid block-grid-flex-2 rb-columns rb-col-4 rb-tcol-4 is-gap-custom hovering-fade bottom-border is-b-border-gray no-last-bb is-pagi-text ecat-text is-m-list meta-s-dot\"><\/div>\t\t\t\t<\/div>\n\t\t\t\t<\/div>\n\t\t\t\t\t<\/div>\n\t\t\t\t<\/div>\n\t\t<div class=\"elementor-element elementor-element-e3c1d79 e-flex e-con-boxed e-con e-parent\" data-id=\"e3c1d79\" data-element_type=\"container\" data-e-type=\"container\" data-settings=\"{&quot;background_background&quot;:&quot;classic&quot;}\">\n\t\t\t\t\t<div class=\"e-con-inner\">\n\t\t\t\t<div class=\"elementor-element elementor-element-2d1b87c elementor-widget__width-initial elementor-widget elementor-widget-foxiz-heading\" data-id=\"2d1b87c\" data-element_type=\"widget\" data-e-type=\"widget\" data-widget_type=\"foxiz-heading.default\">\n\t\t\t\t<div class=\"elementor-widget-container\">\n\t\t\t\t\t<div id=\"uid_2d1b87c\" class=\"block-h heading-layout-19\"><div class=\"heading-inner\"><h2 class=\"heading-title\"><span>Promo<\/span><\/h2><div class=\"heading-tagline h6\"><span class=\"heading-tagline-label\">promo<\/span><\/div><\/div><\/div>\t\t\t\t<\/div>\n\t\t\t\t<\/div>\n\t\t\t\t<div class=\"elementor-element elementor-element-44c9359 elementor-widget elementor-widget-button\" data-id=\"44c9359\" data-element_type=\"widget\" data-e-type=\"widget\" data-widget_type=\"button.default\">\n\t\t\t\t\t\t\t\t\t\t<a class=\"elementor-button elementor-button-link elementor-size-sm\" href=\"#\" target=\"_blank\" rel=\"nofollow\">\n\t\t\t\t\t\t<span class=\"elementor-button-content-wrapper\">\n\t\t\t\t\t\t<span class=\"elementor-button-icon\">\n\t\t\t\t<svg aria-hidden=\"true\" class=\"e-font-icon-svg e-fas-long-arrow-alt-right\" viewBox=\"0 0 448 512\" xmlns=\"http:\/\/www.w3.org\/2000\/svg\"><path d=\"M313.941 216H12c-6.627 0-12 5.373-12 12v56c0 6.627 5.373 12 12 12h301.941v46.059c0 21.382 25.851 32.09 40.971 16.971l86.059-86.059c9.373-9.373 9.373-24.569 0-33.941l-86.059-86.059c-15.119-15.119-40.971-4.411-40.971 16.971V216z\"><\/path><\/svg>\t\t\t<\/span>\n\t\t\t\t\t\t\t\t\t<span class=\"elementor-button-text\">Promo<\/span>\n\t\t\t\t\t<\/span>\n\t\t\t\t\t<\/a>\n\t\t\t\t\t\t\t\t<\/div>\n\t\t\t\t\t<\/div>\n\t\t\t\t<\/div>\n\t\t<div class=\"elementor-element elementor-element-a89c762 e-flex e-con-boxed e-con e-parent\" data-id=\"a89c762\" data-element_type=\"container\" data-e-type=\"container\">\n\t\t\t\t\t<div class=\"e-con-inner\">\n\t\t<div class=\"elementor-element elementor-element-952fa18 e-con-full e-flex e-con e-child\" data-id=\"952fa18\" data-element_type=\"container\" data-e-type=\"container\">\n\t\t\t\t<div class=\"elementor-element elementor-element-9193e20 elementor-widget elementor-widget-foxiz-heading\" data-id=\"9193e20\" data-element_type=\"widget\" data-e-type=\"widget\" data-widget_type=\"foxiz-heading.default\">\n\t\t\t\t<div class=\"elementor-widget-container\">\n\t\t\t\t\t<div id=\"uid_9193e20\" class=\"block-h heading-layout-10\"><div class=\"heading-inner\"><h2 class=\"heading-title\"><a class=\"h-link\" href=\"https:\/\/life-hacker.info\/zdorovya\/\">Zdrowie <i class=\"rbi rbi-angle-right\"><\/i><\/a><\/h2><\/div><\/div>\t\t\t\t<\/div>\n\t\t\t\t<\/div>\n\t\t\t\t<div class=\"elementor-element elementor-element-35d0f38 elementor-widget elementor-widget-foxiz-grid-flex-2\" data-id=\"35d0f38\" data-element_type=\"widget\" data-e-type=\"widget\" data-widget_type=\"foxiz-grid-flex-2.default\">\n\t\t\t\t<div class=\"elementor-widget-container\">\n\t\t\t\t\t<div id=\"uid_35d0f38\" class=\"block-wrap block-grid block-grid-flex-2 rb-columns rb-col-1 rb-tcol-1 rb-mcol-1 is-gap-20 hovering-fade ecat-text ecat-size-big meta-s-dot\"><\/div>\t\t\t\t<\/div>\n\t\t\t\t<\/div>\n\t\t\t\t<\/div>\n\t\t<div class=\"elementor-element elementor-element-e48ad7b e-con-full e-flex e-con e-child\" data-id=\"e48ad7b\" data-element_type=\"container\" data-e-type=\"container\">\n\t\t\t\t<div class=\"elementor-element elementor-element-30d37dc elementor-widget elementor-widget-foxiz-grid-flex-2\" data-id=\"30d37dc\" data-element_type=\"widget\" data-e-type=\"widget\" data-widget_type=\"foxiz-grid-flex-2.default\">\n\t\t\t\t<div class=\"elementor-widget-container\">\n\t\t\t\t\t<div id=\"uid_30d37dc\" class=\"block-wrap block-grid block-grid-flex-2 rb-columns rb-col-1 rb-tcol-1 rb-mcol-1 is-gap-20 hovering-fade ecat-text ecat-size-big meta-s-dot\"><\/div>\t\t\t\t<\/div>\n\t\t\t\t<\/div>\n\t\t\t\t<\/div>\n\t\t<div class=\"elementor-element elementor-element-dde8cd5 e-con-full e-flex e-con e-child\" data-id=\"dde8cd5\" data-element_type=\"container\" data-e-type=\"container\">\n\t\t\t\t<div class=\"elementor-element elementor-element-3f803e4 elementor-widget elementor-widget-foxiz-list-small-2\" data-id=\"3f803e4\" data-element_type=\"widget\" data-e-type=\"widget\" data-widget_type=\"foxiz-list-small-2.default\">\n\t\t\t\t<div class=\"elementor-widget-container\">\n\t\t\t\t\t<div id=\"uid_3f803e4\" class=\"block-wrap block-small block-list block-list-small-2 rb-columns rb-col-1 rb-tcol-1 rb-mcol-1 is-gap-custom hovering-fade bottom-border is-b-border-gray no-last-bb ecat-text is-feat-right meta-s-dot\"><\/div>\t\t\t\t<\/div>\n\t\t\t\t<\/div>\n\t\t\t\t<\/div>\n\t\t\t\t\t<\/div>\n\t\t\t\t<\/div>\n\t\t<div class=\"elementor-element elementor-element-9d4cfd0 e-flex e-con-boxed e-con e-parent\" data-id=\"9d4cfd0\" data-element_type=\"container\" data-e-type=\"container\">\n\t\t\t\t\t<div class=\"e-con-inner\">\n\t\t\t\t<div class=\"elementor-element elementor-element-5ee5005 elementor-widget elementor-widget-foxiz-heading\" data-id=\"5ee5005\" data-element_type=\"widget\" data-e-type=\"widget\" data-widget_type=\"foxiz-heading.default\">\n\t\t\t\t<div class=\"elementor-widget-container\">\n\t\t\t\t\t<div id=\"uid_5ee5005\" class=\"block-h heading-layout-10\"><div class=\"heading-inner\"><h2 class=\"heading-title\"><a class=\"h-link\" href=\"https:\/\/life-hacker.info\/tehnologiyi\/\">Technologie <i class=\"rbi rbi-angle-right\"><\/i><\/a><\/h2><\/div><\/div>\t\t\t\t<\/div>\n\t\t\t\t<\/div>\n\t\t\t\t\t<\/div>\n\t\t\t\t<\/div>\n\t\t<div class=\"elementor-element elementor-element-50d401c e-flex e-con-boxed e-con e-parent\" data-id=\"50d401c\" data-element_type=\"container\" data-e-type=\"container\">\n\t\t\t\t\t<div class=\"e-con-inner\">\n\t\t<div class=\"elementor-element elementor-element-314afe7 e-con-full e-flex e-con e-child\" data-id=\"314afe7\" data-element_type=\"container\" data-e-type=\"container\">\n\t\t\t\t<div class=\"elementor-element elementor-element-dc77eb8 elementor-widget elementor-widget-foxiz-cta\" data-id=\"dc77eb8\" data-element_type=\"widget\" data-e-type=\"widget\" data-widget_type=\"foxiz-cta.default\">\n\t\t\t\t<div class=\"elementor-widget-container\">\n\t\t\t\t\t\t\t<div class=\"cta-wrap cta-center cta-img-top cta-btn-inline\">\r\n\t\t\t\t\t<div class=\"cta-featured\">\r\n\t\t\t<img loading=\"lazy\" loading=\"lazy\" decoding=\"async\" width=\"600\" height=\"150\" src=\"https:\/\/life-hacker.info\/wp-content\/uploads\/2026\/02\/logo_dark.png\" class=\"attachment-full size-full\" alt=\"\" data-mode=\"default\" \/><img loading=\"lazy\" loading=\"lazy\" decoding=\"async\" width=\"600\" height=\"150\" src=\"https:\/\/life-hacker.info\/wp-content\/uploads\/2026\/02\/logo_ligh.png\" class=\"attachment-full size-full\" alt=\"\" data-mode=\"dark\" \/>\t\t<\/div>\r\n\t\t\t\t\t<div class=\"cta-content\">\r\n\t\t\t\t<h3 class=\"cta-title\">Teraz na Telegramie<\/h3><div class=\"cta-description rb-text\">\ud83d\ude80 Chcesz \u017cy\u0107 pro\u015bciej i efektywniej? Do\u0142\u0105cz do kana\u0142u Lifehacker na Telegramie \u2014 codziennie znajdziesz tam porady, nowinki technologiczne i praktyczne rozwi\u0105zania na co dzie\u0144.<\/div>\t\t<div class=\"cta-buttons\">\r\n\t\t\t<a href=\"https:\/\/t.me\/lifehackerinfo\" class=\"cta-btn cta-btn-1\">LIFEHACKER<\/a>\t\t<\/div>\r\n\t\t\t\t\t<\/div>\r\n\t\t<\/div>\r\n\t\t\t\t\t\t<\/div>\n\t\t\t\t<\/div>\n\t\t\t\t<div class=\"elementor-element elementor-element-033e2bf elementor-widget elementor-widget-foxiz-social-list\" data-id=\"033e2bf\" data-element_type=\"widget\" data-e-type=\"widget\" data-widget_type=\"foxiz-social-list.default\">\n\t\t\t\t<div class=\"elementor-widget-container\">\n\t\t\t\t\t\t\t<div class=\"header-social-list\">\r\n\t\t\t<div class=\"e-social-holder\">\r\n\t\t\t\t<a class=\"social-link-facebook\" aria-label=\"Facebook\" data-title=\"Facebook\" href=\"#\" target=\"_blank\" rel=\"noopener nofollow\"><i class=\"rbi rbi-facebook\" aria-hidden=\"true\"><\/i><\/a><a class=\"social-link-telegram\" aria-label=\"Telegram\" data-title=\"Telegram\" href=\"#\" target=\"_blank\" rel=\"noopener nofollow\"><i class=\"rbi rbi-telegram\" aria-hidden=\"true\"><\/i><\/a>\t\t\t<\/div>\r\n\t\t<\/div>\r\n\t\t\t\t\t\t<\/div>\n\t\t\t\t<\/div>\n\t\t\t\t<\/div>\n\t\t<div class=\"elementor-element elementor-element-b1f7d7a e-con-full e-flex e-con e-child\" data-id=\"b1f7d7a\" data-element_type=\"container\" data-e-type=\"container\">\n\t\t\t\t<div class=\"elementor-element elementor-element-8021a6f flipped-no elementor-widget elementor-widget-foxiz-list-flex\" data-id=\"8021a6f\" data-element_type=\"widget\" data-e-type=\"widget\" data-widget_type=\"foxiz-list-flex.default\">\n\t\t\t\t<div class=\"elementor-widget-container\">\n\t\t\t\t\t<div id=\"uid_8021a6f\" class=\"block-wrap block-list block-list-flex rb-columns rb-col-1 rb-tcol-1 rb-mcol-1 is-gap-20 hovering-fade p-middle ecat-text ecat-size-big is-feat-left meta-s-dot\"><\/div>\t\t\t\t<\/div>\n\t\t\t\t<\/div>\n\t\t\t\t<div class=\"elementor-element elementor-element-56a0281 elementor-widget elementor-widget-foxiz-grid-flex-2\" data-id=\"56a0281\" data-element_type=\"widget\" data-e-type=\"widget\" data-widget_type=\"foxiz-grid-flex-2.default\">\n\t\t\t\t<div class=\"elementor-widget-container\">\n\t\t\t\t\t<div id=\"uid_56a0281\" class=\"block-wrap block-grid block-grid-flex-2 rb-columns rb-col-4 rb-tcol-4 is-gap-custom hovering-fade bottom-border is-b-border-gray no-last-bb ecat-text is-m-list meta-s-dot\"><\/div>\t\t\t\t<\/div>\n\t\t\t\t<\/div>\n\t\t\t\t<\/div>\n\t\t\t\t\t<\/div>\n\t\t\t\t<\/div>\n\t\t<div class=\"elementor-element elementor-element-b1d7a6c e-flex e-con-boxed e-con e-parent\" data-id=\"b1d7a6c\" data-element_type=\"container\" data-e-type=\"container\">\n\t\t\t\t\t<div class=\"e-con-inner\">\n\t\t\t\t<div class=\"elementor-element elementor-element-1958d49 elementor-widget elementor-widget-foxiz-heading\" data-id=\"1958d49\" data-element_type=\"widget\" data-e-type=\"widget\" data-widget_type=\"foxiz-heading.default\">\n\t\t\t\t<div class=\"elementor-widget-container\">\n\t\t\t\t\t<div id=\"uid_1958d49\" class=\"block-h heading-layout-10\"><div class=\"heading-inner\"><h2 class=\"heading-title\"><a class=\"h-link\" href=\"https:\/\/life-hacker.info\/dim-i-sad\/\">Dom i ogr\u00f3d <i class=\"rbi rbi-angle-right\"><\/i><\/a><\/h2><\/div><\/div>\t\t\t\t<\/div>\n\t\t\t\t<\/div>\n\t\t\t\t<div class=\"elementor-element elementor-element-99af346 elementor-widget elementor-widget-foxiz-grid-flex-2\" data-id=\"99af346\" data-element_type=\"widget\" data-e-type=\"widget\" data-widget_type=\"foxiz-grid-flex-2.default\">\n\t\t\t\t<div class=\"elementor-widget-container\">\n\t\t\t\t\t<div id=\"uid_99af346\" class=\"block-wrap block-grid block-grid-flex-2 rb-columns rb-col-4 rb-tcol-4 is-gap-custom hovering-fade bottom-border is-b-border-gray no-last-bb is-pagi-text ecat-text is-m-list meta-s-dot\"><\/div>\t\t\t\t<\/div>\n\t\t\t\t<\/div>\n\t\t\t\t<div class=\"elementor-element elementor-element-11edb75 is-divider-0 elementor-widget elementor-widget-foxiz-quick-links\" data-id=\"11edb75\" data-element_type=\"widget\" data-e-type=\"widget\" data-widget_type=\"foxiz-quick-links.default\">\n\t\t\t\t<div class=\"elementor-widget-container\">\n\t\t\t\t\t<div id=\"uid_11edb75\" class=\"block-wrap block-qlinks qlayout-4 res-nowrap qlinks-scroll meta-s-dot\"><ul class=\"qlinks-inner\"><li class=\"qlink qlinks-heading\"><div class=\"qlink-label\">#<\/div><\/li><li class=\"qlink h5\"><a href=\"https:\/\/life-hacker.info\/pl\/tag\/sen\/\">Sen<\/a><\/li><\/ul><\/div>\t\t\t\t<\/div>\n\t\t\t\t<\/div>\n\t\t\t\t<div class=\"elementor-element elementor-element-fe7678b elementor-widget elementor-widget-foxiz-heading\" data-id=\"fe7678b\" data-element_type=\"widget\" data-e-type=\"widget\" data-widget_type=\"foxiz-heading.default\">\n\t\t\t\t<div class=\"elementor-widget-container\">\n\t\t\t\t\t<div id=\"uid_fe7678b\" class=\"block-h heading-layout-10\"><div class=\"heading-inner\"><h2 class=\"heading-title\"><a class=\"h-link\" href=\"https:\/\/life-hacker.info\/yizha\/\">Jedzenie <i class=\"rbi rbi-angle-right\"><\/i><\/a><\/h2><\/div><\/div>\t\t\t\t<\/div>\n\t\t\t\t<\/div>\n\t\t\t\t\t<\/div>\n\t\t\t\t<\/div>\n\t\t<div class=\"elementor-element elementor-element-1775757 e-flex e-con-boxed e-con e-parent\" data-id=\"1775757\" data-element_type=\"container\" data-e-type=\"container\">\n\t\t\t\t\t<div class=\"e-con-inner\">\n\t\t<div class=\"elementor-element elementor-element-f376937 e-con-full e-flex e-con e-child\" data-id=\"f376937\" data-element_type=\"container\" data-e-type=\"container\">\n\t\t\t\t<div class=\"elementor-element elementor-element-2f465b4 elementor-widget-tablet__width-inherit elementor-widget elementor-widget-foxiz-overlay-1\" data-id=\"2f465b4\" data-element_type=\"widget\" data-e-type=\"widget\" data-widget_type=\"foxiz-overlay-1.default\">\n\t\t\t\t<div class=\"elementor-widget-container\">\n\t\t\t\t\t<div id=\"uid_2f465b4\" class=\"block-wrap block-overlay overlay-1 p-gradient rb-columns rb-col-1 rb-tcol-1 rb-mcol-1 hovering-fade ecat-text ecat-size-big meta-s-dot\"><\/div>\t\t\t\t<\/div>\n\t\t\t\t<\/div>\n\t\t\t\t<\/div>\n\t\t<div class=\"elementor-element elementor-element-544b6d6 e-con-full e-flex e-con e-child\" data-id=\"544b6d6\" data-element_type=\"container\" data-e-type=\"container\">\n\t\t\t\t<div class=\"elementor-element elementor-element-6bff30d elementor-widget elementor-widget-foxiz-overlay-flex\" data-id=\"6bff30d\" data-element_type=\"widget\" data-e-type=\"widget\" data-widget_type=\"foxiz-overlay-flex.default\">\n\t\t\t\t<div class=\"elementor-widget-container\">\n\t\t\t\t\t<div id=\"uid_6bff30d\" class=\"block-wrap block-overlay block-overlay-flex p-gradient rb-columns rb-col-3 rb-tcol-3 rb-mcol-1 is-gap-custom hovering-fade ecat-text meta-s-dot\"><\/div>\t\t\t\t<\/div>\n\t\t\t\t<\/div>\n\t\t\t\t<\/div>\n\t\t\t\t\t<\/div>\n\t\t\t\t<\/div>\n\t\t<div class=\"elementor-element elementor-element-fab5acc e-flex e-con-boxed e-con e-parent\" data-id=\"fab5acc\" data-element_type=\"container\" data-e-type=\"container\">\n\t\t\t\t\t<div class=\"e-con-inner\">\n\t\t\t\t<div class=\"elementor-element elementor-element-955b0c9 elementor-widget elementor-widget-foxiz-heading\" data-id=\"955b0c9\" data-element_type=\"widget\" data-e-type=\"widget\" data-widget_type=\"foxiz-heading.default\">\n\t\t\t\t<div class=\"elementor-widget-container\">\n\t\t\t\t\t<div id=\"uid_955b0c9\" class=\"block-h heading-layout-10\"><div class=\"heading-inner\"><h2 class=\"heading-title\"><a class=\"h-link\" href=\"#\">Najwa\u017cniejsze wiadomo\u015bci <i class=\"rbi rbi-angle-right\"><\/i><\/a><\/h2><\/div><\/div>\t\t\t\t<\/div>\n\t\t\t\t<\/div>\n\t\t\t\t<div class=\"elementor-element elementor-element-8e745bc elementor-widget elementor-widget-foxiz-grid-flex-2\" data-id=\"8e745bc\" data-element_type=\"widget\" data-e-type=\"widget\" data-widget_type=\"foxiz-grid-flex-2.default\">\n\t\t\t\t<div class=\"elementor-widget-container\">\n\t\t\t\t\t<div id=\"uid_8e745bc\" class=\"block-wrap block-grid block-grid-flex-2 rb-columns rb-col-4 rb-tcol-4 is-gap-custom hovering-fade bottom-border is-b-border-gray no-last-bb is-pagi-text ecat-text is-m-list meta-s-dot\"><\/div>\t\t\t\t<\/div>\n\t\t\t\t<\/div>\n\t\t\t\t\t<\/div>\n\t\t\t\t<\/div>\n\t\t\t\t<\/div>\n\t\t","protected":false},"excerpt":{"rendered":"<p>edit R\u00f3\u017cne Technika Pomodoro: jak podwoi\u0142em produktywno\u015b\u0107 \u2014 osobiste do\u015bwiadczenie Lista zada\u0144 na dzie\u0144 \u2014 20 punkt\u00f3w. Otwierasz laptopa i\u2026 po godzinie wci\u0105\u017c jeste\u015b przy pierwszym. Social media, wiadomo\u015bci, \u00abjedna chwilka\u00bb na YouTube. Znajome? By\u0142em tam \u2014 dop\u00f3ki nie wypr\u00f3bowa\u0142em&hellip; 05.04.2026 10 nawyk\u00f3w na lepszy sen, kt\u00f3re dzia\u0142aj\u0105 od pierwszego tygodnia Zdrowie 28.03.2026 Grzane wino: [&hellip;]<\/p>\n","protected":false},"author":1,"featured_media":0,"parent":0,"menu_order":0,"comment_status":"closed","ping_status":"closed","template":"","meta":{"footnotes":""},"class_list":["post-3176","page","type-page","status-publish"],"_links":{"self":[{"href":"https:\/\/life-hacker.info\/pl\/wp-json\/wp\/v2\/pages\/3176","targetHints":{"allow":["GET"]}}],"collection":[{"href":"https:\/\/life-hacker.info\/pl\/wp-json\/wp\/v2\/pages"}],"about":[{"href":"https:\/\/life-hacker.info\/pl\/wp-json\/wp\/v2\/types\/page"}],"author":[{"embeddable":true,"href":"https:\/\/life-hacker.info\/pl\/wp-json\/wp\/v2\/users\/1"}],"replies":[{"embeddable":true,"href":"https:\/\/life-hacker.info\/pl\/wp-json\/wp\/v2\/comments?post=3176"}],"version-history":[{"count":9,"href":"https:\/\/life-hacker.info\/pl\/wp-json\/wp\/v2\/pages\/3176\/revisions"}],"predecessor-version":[{"id":3190,"href":"https:\/\/life-hacker.info\/pl\/wp-json\/wp\/v2\/pages\/3176\/revisions\/3190"}],"wp:attachment":[{"href":"https:\/\/life-hacker.info\/pl\/wp-json\/wp\/v2\/media?parent=3176"}],"curies":[{"name":"wp","href":"https:\/\/api.w.org\/{rel}","templated":true}]}}